{"id":14923,"date":"2017-03-26T19:20:03","date_gmt":"2017-03-26T19:20:03","guid":{"rendered":"http:\/\/sportlandmagazine.com\/est\/?page_id=14923"},"modified":"2017-11-27T09:19:28","modified_gmt":"2017-11-27T09:19:28","slug":"youtube","status":"publish","type":"page","link":"https:\/\/sportland.ee\/magazine\/youtube\/","title":{"rendered":"YouTube"},"content":{"rendered":"<p>J\u00e4lgi meie YouTube kanalit, et saada inspiratsiooni trenni, toitumise ja trendide kohta. Lisaks kuhjaga p\u00f5nevaid \u00fcritusi, m\u00e4nge ja kampaaniaid. \ud83d\ude09<\/p>\n","protected":false},"excerpt":{"rendered":"<p>J\u00e4lgi meie YouTube kanalit, et saada inspiratsiooni trenni, toitumise ja trendide kohta. Lisaks kuhjaga p\u00f5nevaid \u00fcritusi, m\u00e4nge ja kampaaniaid. \ud83d\ude09<\/p>\n","protected":false},"author":32,"featured_media":0,"parent":0,"menu_order":0,"comment_status":"closed","ping_status":"closed","template":"template-youtube.php","meta":{"_acf_changed":false,"footnotes":""},"class_list":["post-14923","page","type-page","status-publish","hentry"],"acf":[],"_links":{"self":[{"href":"https:\/\/sportland.ee\/magazine\/wp-json\/wp\/v2\/pages\/14923","targetHints":{"allow":["GET"]}}],"collection":[{"href":"https:\/\/sportland.ee\/magazine\/wp-json\/wp\/v2\/pages"}],"about":[{"href":"https:\/\/sportland.ee\/magazine\/wp-json\/wp\/v2\/types\/page"}],"author":[{"embeddable":true,"href":"https:\/\/sportland.ee\/magazine\/wp-json\/wp\/v2\/users\/32"}],"replies":[{"embeddable":true,"href":"https:\/\/sportland.ee\/magazine\/wp-json\/wp\/v2\/comments?post=14923"}],"version-history":[{"count":6,"href":"https:\/\/sportland.ee\/magazine\/wp-json\/wp\/v2\/pages\/14923\/revisions"}],"predecessor-version":[{"id":15494,"href":"https:\/\/sportland.ee\/magazine\/wp-json\/wp\/v2\/pages\/14923\/revisions\/15494"}],"wp:attachment":[{"href":"https:\/\/sportland.ee\/magazine\/wp-json\/wp\/v2\/media?parent=14923"}],"curies":[{"name":"wp","href":"https:\/\/api.w.org\/{rel}","templated":true}]}}