{"id":14977,"date":"2017-03-30T09:00:59","date_gmt":"2017-03-30T09:00:59","guid":{"rendered":"http:\/\/sportlandmagazine.com\/est\/?page_id=14977"},"modified":"2017-03-30T09:00:59","modified_gmt":"2017-03-30T09:00:59","slug":"reklaam","status":"publish","type":"page","link":"https:\/\/sportland.ee\/magazine\/reklaam\/","title":{"rendered":"Reklaam"},"content":{"rendered":"<p>Veebiajakirjas reklaami avaldamise kohta k\u00fcsi t\u00e4psemalt <a href=\"mailto:info@sportland.ee\">info@sportland.ee<\/a> v\u00f5i helista <a href=\"tel:+3726548434\">6 548 434<\/a>.<\/p>\n","protected":false},"excerpt":{"rendered":"<p>Veebiajakirjas reklaami avaldamise kohta k\u00fcsi t\u00e4psemalt info@sportland.ee v\u00f5i helista 6 548 434.<\/p>\n","protected":false},"author":30,"featured_media":0,"parent":0,"menu_order":0,"comment_status":"closed","ping_status":"closed","template":"","meta":{"_acf_changed":false,"footnotes":""},"class_list":["post-14977","page","type-page","status-publish","hentry"],"acf":[],"_links":{"self":[{"href":"https:\/\/sportland.ee\/magazine\/wp-json\/wp\/v2\/pages\/14977","targetHints":{"allow":["GET"]}}],"collection":[{"href":"https:\/\/sportland.ee\/magazine\/wp-json\/wp\/v2\/pages"}],"about":[{"href":"https:\/\/sportland.ee\/magazine\/wp-json\/wp\/v2\/types\/page"}],"author":[{"embeddable":true,"href":"https:\/\/sportland.ee\/magazine\/wp-json\/wp\/v2\/users\/30"}],"replies":[{"embeddable":true,"href":"https:\/\/sportland.ee\/magazine\/wp-json\/wp\/v2\/comments?post=14977"}],"version-history":[{"count":1,"href":"https:\/\/sportland.ee\/magazine\/wp-json\/wp\/v2\/pages\/14977\/revisions"}],"predecessor-version":[{"id":14978,"href":"https:\/\/sportland.ee\/magazine\/wp-json\/wp\/v2\/pages\/14977\/revisions\/14978"}],"wp:attachment":[{"href":"https:\/\/sportland.ee\/magazine\/wp-json\/wp\/v2\/media?parent=14977"}],"curies":[{"name":"wp","href":"https:\/\/api.w.org\/{rel}","templated":true}]}}